{"id":2345,"date":"2015-07-14T14:02:29","date_gmt":"2015-07-14T14:02:29","guid":{"rendered":"http:\/\/burst.mikado-themes.com\/burst\/?page_id=2345"},"modified":"2025-09-11T17:53:04","modified_gmt":"2025-09-11T15:53:04","slug":"contacter-devis-internet-covering-adhesif","status":"publish","type":"page","link":"https:\/\/www.dinamixarts.com\/index.php\/contacter-devis-internet-covering-adhesif\/","title":{"rendered":"Contacter l&#8217;agence"},"content":{"rendered":"<p>[vc_row row_type=&#8221;row&#8221; use_row_as_full_screen_section=&#8221;no&#8221; type=&#8221;grid&#8221; oblique_section=&#8221;no&#8221; text_align=&#8221;center&#8221; Overflow=&#8221;&#8221; triangle_shape=&#8221;no&#8221; padding_top=&#8221;90&#8243; padding_bottom=&#8221;90&#8243; css_animation=&#8221;&#8221; overflow=&#8221;&#8221; box_shadow_on_row=&#8221;no&#8221;][vc_column][vc_separator type=&#8221;transparent&#8221; up=&#8221;25&#8243; up_style=&#8221;px&#8221; down=&#8221;0&#8243; down_style=&#8221;px&#8221;][vc_row_inner row_type=&#8221;row&#8221; type=&#8221;full_width&#8221; use_row_as_full_screen_section_slide=&#8221;no&#8221; use_as_box=&#8221;use_row_as_box&#8221; text_align=&#8221;center&#8221; background_image=&#8221;2355&#8243; padding_top=&#8221;80&#8243; padding_bottom=&#8221;60&#8243; css_animation=&#8221;&#8221; box_shadow_on_row=&#8221;no&#8221;][vc_column_inner width=&#8221;1\/6&#8243;]<br \/>\n[\/vc_column_inner][vc_column_inner width=&#8221;2\/3&#8243;][vc_column_text]<\/p>\n<h4><span style=\"color: #ffffff;\">Nous sommes \u00e0 votre disposition<\/span><\/h4>\n<p>[\/vc_column_text][vc_separator type=&#8221;small&#8221; position=&#8221;center&#8221; color=&#8221;#ffffff&#8221; up=&#8221;25&#8243; up_style=&#8221;px&#8221; down=&#8221;31&#8243; down_style=&#8221;px&#8221;][vc_column_text]<div class=\"frm_forms  with_frm_style frm_style_formidable-style\" id=\"frm_form_2_container\" data-token=\"2b1f8c3196dbad020f0e511c8a722f29\">\n<form enctype=\"multipart\/form-data\" method=\"post\" class=\"frm-show-form \" id=\"form_contactformgnral\" data-token=\"2b1f8c3196dbad020f0e511c8a722f29\">\n<div class=\"frm_form_fields \">\n<fieldset>\n<legend class=\"frm_screen_reader\">Contact Form G\u00e9n\u00e9ral<\/legend>\r\n\r\n<div class=\"frm_fields_container\">\n<input type=\"hidden\" name=\"frm_action\" value=\"create\" \/>\n<input type=\"hidden\" name=\"form_id\" value=\"2\" \/>\n<input type=\"hidden\" name=\"frm_hide_fields_2\" id=\"frm_hide_fields_2\" value=\"\" \/>\n<input type=\"hidden\" name=\"form_key\" value=\"contactformgnral\" \/>\n<input type=\"hidden\" name=\"item_meta[0]\" value=\"\" \/>\n<input type=\"hidden\" id=\"frm_submit_entry_2\" name=\"frm_submit_entry_2\" value=\"fd895e7cbf\" \/><input type=\"hidden\" name=\"_wp_http_referer\" value=\"\/index.php\/wp-json\/wp\/v2\/pages\/2345\" \/><div id=\"frm_field_7_container\" class=\"frm_form_field form-field  frm_none_container frm6 frm_first\">\r\n\t<label for=\"field_3kg58\" id=\"field_3kg58_label\" class=\"frm_primary_label\">Pr\u00e9nom\r\n\t\t<span class=\"frm_required\" aria-hidden=\"true\"><\/span>\r\n\t<\/label>\r\n\t<input type=\"text\" id=\"field_3kg58\" name=\"item_meta[7]\" value=\"\"  placeholder=\"Nom &amp; Soci\u00e9t\u00e9\" data-invmsg=\"Pr\u00e9nom is invalid\" aria-invalid=\"false\"  \/>\r\n\t\r\n\t\r\n<\/div>\n<div id=\"frm_field_8_container\" class=\"frm_form_field form-field  frm_none_container frm6\">\r\n\t<label for=\"field_m0iaq\" id=\"field_m0iaq_label\" class=\"frm_primary_label\">Email\r\n\t\t<span class=\"frm_required\" aria-hidden=\"true\"><\/span>\r\n\t<\/label>\r\n\t<input type=\"text\" id=\"field_m0iaq\" name=\"item_meta[8]\" value=\"\"  placeholder=\"Votre Email\" data-invmsg=\"Email is invalid\" aria-invalid=\"false\"  \/>\r\n\t\r\n\t\r\n<\/div>\n<div id=\"frm_field_11_container\" class=\"frm_form_field form-field  frm_top_container frm12 frm_first\">\r\n\t<label for=\"field_u8gat\" id=\"field_u8gat_label\" class=\"frm_primary_label\">\r\n\t\t<span class=\"frm_required\" aria-hidden=\"true\"><\/span>\r\n\t<\/label>\r\n\t<input type=\"tel\" id=\"field_u8gat\" name=\"item_meta[11]\" value=\"\"  placeholder=\"Votre num\u00e9ro de t\u00e9l\u00e9phone\" data-invmsg=\"This field is invalid\" aria-invalid=\"false\" pattern=\"((\\+\\d{1,3}(-|.| )?\\(?\\d\\)?(-| |.)?\\d{1,5})|(\\(?\\d{2,6}\\)?))(-|.| )?(\\d{3,4})(-|.| )?(\\d{4})(( x| ext)\\d{1,5}){0,1}$\"  \/>\r\n\t\r\n\t\r\n<\/div>\n<div id=\"frm_field_9_container\" class=\"frm_form_field form-field  frm_none_container frm12 frm_first\">\r\n\t<label for=\"field_2bdqo\" id=\"field_2bdqo_label\" class=\"frm_primary_label\">D\u00e9crivez nous vos besoins\r\n\t\t<span class=\"frm_required\" aria-hidden=\"true\"><\/span>\r\n\t<\/label>\r\n\t<textarea name=\"item_meta[9]\" id=\"field_2bdqo\" rows=\"5\"  placeholder=\"D\u00e9crivez nous vos besoins, n&#039;h\u00e9sitez pas \u00e0 mettre un maximum de d\u00e9tails (Taille, emplacement, type de visuel....)\" data-invmsg=\"D\u00e9crivez nous vos besoins is invalid\" aria-invalid=\"false\"  ><\/textarea>\r\n\t\r\n\t\r\n<\/div>\n<div id=\"frm_field_15_container\" class=\"frm_form_field form-field  frm_none_container\">\r\n\t<label for=\"g-recaptcha-response\" id=\"field_6kwdf_label\" class=\"frm_primary_label\">Captcha\r\n\t\t<span class=\"frm_required\" aria-hidden=\"true\"><\/span>\r\n\t<\/label>\r\n\t<div  id=\"field_6kwdf\" class=\"frm-g-recaptcha\" data-sitekey=\"6LeyocgrAAAAAGW2tmnTmbyF1RiNIyEvKfgkmM_0\" data-size=\"normal\" data-theme=\"light\"><\/div>\r\n\t\r\n\t\r\n<\/div>\n<div id=\"frm_field_6_container\" class=\"frm_form_field form-field \">\r\n\t<div class=\"frm_submit frm_flex\">\r\n<button class=\"frm_button_submit\" type=\"submit\"  >Obtenir mon devis Gratuit<\/button>\r\n\r\n\r\n\r\n<\/div>\r\n<\/div>\n\t<input type=\"hidden\" name=\"item_key\" value=\"\" \/>\n\t\t\t<div id=\"frm_field_49_container\">\n\t\t\t<label for=\"field_cvh65\" >\n\t\t\t\tIf you are human, leave this field blank.\t\t\t<\/label>\n\t\t\t<input  id=\"field_cvh65\" type=\"text\" class=\"frm_form_field form-field frm_verify\" name=\"item_meta[49]\" value=\"\"  \/>\n\t\t<\/div>\n\t\t<input name=\"frm_state\" type=\"hidden\" value=\"\/FtR8nIzr+lgKDS46pGf6HGwNRX7Y19Tig6YTlYjlwE=\" \/><\/div>\n<\/fieldset>\n<\/div>\n\n<p style=\"display: none !important;\" class=\"akismet-fields-container\" data-prefix=\"ak_\"><label>&#916;<textarea name=\"ak_hp_textarea\" cols=\"45\" rows=\"8\" maxlength=\"100\"><\/textarea><\/label><input type=\"hidden\" id=\"ak_js_1\" name=\"ak_js\" value=\"157\"\/><script>document.getElementById( \"ak_js_1\" ).setAttribute( \"value\", ( new Date() ).getTime() );<\/script><\/p><\/form>\n<\/div>\n[\/vc_column_text][\/vc_column_inner][vc_column_inner width=&#8221;1\/6&#8243;]<br \/>\n[\/vc_column_inner][\/vc_row_inner][\/vc_column][\/vc_row]<\/p>\n","protected":false},"excerpt":{"rendered":"<p>[vc_row row_type=&#8221;row&#8221; use_row_as_full_screen_section=&#8221;no&#8221; type=&#8221;grid&#8221; oblique_section=&#8221;no&#8221; text_align=&#8221;center&#8221; Overflow=&#8221;&#8221; triangle_shape=&#8221;no&#8221; padding_top=&#8221;90&#8243; padding_bottom=&#8221;90&#8243; css_animation=&#8221;&#8221; overflow=&#8221;&#8221; box_shadow_on_row=&#8221;no&#8221;][vc_column][vc_separator type=&#8221;transparent&#8221; up=&#8221;25&#8243; up_style=&#8221;px&#8221; down=&#8221;0&#8243; down_style=&#8221;px&#8221;][vc_row_inner row_type=&#8221;row&#8221; type=&#8221;full_width&#8221; use_row_as_full_screen_section_slide=&#8221;no&#8221; use_as_box=&#8221;use_row_as_box&#8221; text_align=&#8221;center&#8221; background_image=&#8221;2355&#8243; padding_top=&#8221;80&#8243; padding_bottom=&#8221;60&#8243; css_animation=&#8221;&#8221; box_shadow_on_row=&#8221;no&#8221;][vc_column_inner width=&#8221;1\/6&#8243;] [\/vc_column_inner][vc_column_inner width=&#8221;2\/3&#8243;][vc_column_text] Nous sommes \u00e0 votre disposition [\/vc_column_text][vc_separator type=&#8221;small&#8221; position=&#8221;center&#8221; color=&#8221;#ffffff&#8221; up=&#8221;25&#8243; up_style=&#8221;px&#8221; down=&#8221;31&#8243; down_style=&#8221;px&#8221;][vc_column_text][\/vc_column_text][\/vc_column_inner][vc_column_inner width=&#8221;1\/6&#8243;]&#8230;<\/p>\n","protected":false},"author":1,"featured_media":0,"parent":0,"menu_order":0,"comment_status":"open","ping_status":"open","template":"full_width.php","meta":{"footnotes":""},"class_list":["post-2345","page","type-page","status-publish","hentry"],"_links":{"self":[{"href":"https:\/\/www.dinamixarts.com\/index.php\/wp-json\/wp\/v2\/pages\/2345","targetHints":{"allow":["GET"]}}],"collection":[{"href":"https:\/\/www.dinamixarts.com\/index.php\/wp-json\/wp\/v2\/pages"}],"about":[{"href":"https:\/\/www.dinamixarts.com\/index.php\/wp-json\/wp\/v2\/types\/page"}],"author":[{"embeddable":true,"href":"https:\/\/www.dinamixarts.com\/index.php\/wp-json\/wp\/v2\/users\/1"}],"replies":[{"embeddable":true,"href":"https:\/\/www.dinamixarts.com\/index.php\/wp-json\/wp\/v2\/comments?post=2345"}],"version-history":[{"count":4,"href":"https:\/\/www.dinamixarts.com\/index.php\/wp-json\/wp\/v2\/pages\/2345\/revisions"}],"predecessor-version":[{"id":12071,"href":"https:\/\/www.dinamixarts.com\/index.php\/wp-json\/wp\/v2\/pages\/2345\/revisions\/12071"}],"wp:attachment":[{"href":"https:\/\/www.dinamixarts.com\/index.php\/wp-json\/wp\/v2\/media?parent=2345"}],"curies":[{"name":"wp","href":"https:\/\/api.w.org\/{rel}","templated":true}]}}